{"id":6,"date":"2017-06-12T14:56:55","date_gmt":"2017-06-12T12:56:55","guid":{"rendered":"http:\/\/www.anakrueger.com\/?page_id=6"},"modified":"2017-06-16T22:30:50","modified_gmt":"2017-06-16T20:30:50","slug":"contato","status":"publish","type":"page","link":"https:\/\/www.anakrueger.com\/de\/contato\/","title":{"rendered":"Kontakt"},"content":{"rendered":"<p><\/p>\n<p style=\"text-align: center;\">Danke f\u00fcr deinen Besuch!<br \/>\nM\u00f6chtest du ein neues Lebensstil f\u00fchren? Vereinbar dann einen Termin f\u00fcr einen Probetraining!<br \/>\nOder hast du noch Fragen oder ben\u00f6tigest du weitere Infos?<br \/>\nHinterlass einen Nachricht und ich melde mich bei dir!<\/p>\n\n<div class=\"wpcf7 no-js\" id=\"wpcf7-f8-o2\" lang=\"pt-BR\" dir=\"ltr\" data-wpcf7-id=\"8\">\n<div class=\"screen-reader-response\"><p role=\"status\" aria-live=\"polite\" aria-atomic=\"true\"><\/p> <ul><\/ul><\/div>\n<form action=\"\/de\/wp-json\/wp\/v2\/pages\/6#wpcf7-f8-o2\" method=\"post\" class=\"wpcf7-form init\" aria-label=\"Formul\u00e1rios de contato\" novalidate=\"novalidate\" data-status=\"init\">\n<fieldset class=\"hidden-fields-container\"><input type=\"hidden\" name=\"_wpcf7\" value=\"8\" \/><input type=\"hidden\" name=\"_wpcf7_version\" value=\"6.1.5\" \/><input type=\"hidden\" name=\"_wpcf7_locale\" value=\"pt_BR\" \/><input type=\"hidden\" name=\"_wpcf7_unit_tag\" value=\"wpcf7-f8-o2\" \/><input type=\"hidden\" name=\"_wpcf7_container_post\" value=\"0\" \/><input type=\"hidden\" name=\"_wpcf7_posted_data_hash\" value=\"\" \/>\n<\/fieldset>\n<div class=\"contato-campos\">\n\t<div class=\"contato-campo-nome\">\n\t\t<p><span class=\"wpcf7-form-control-wrap\" data-name=\"your-name\"><input size=\"40\" maxlength=\"400\" class=\"wpcf7-form-control wpcf7-text wpcf7-validates-as-required\" aria-required=\"true\" aria-invalid=\"false\" placeholder=\"Name*\" value=\"\" type=\"text\" name=\"your-name\" \/><\/span>\n\t\t<\/p>\n\t<\/div>\n\t<div class=\"contato-campo-email\">\n\t\t<p><span class=\"wpcf7-form-control-wrap\" data-name=\"your-email\"><input size=\"40\" maxlength=\"400\" class=\"wpcf7-form-control wpcf7-email wpcf7-validates-as-required wpcf7-text wpcf7-validates-as-email\" aria-required=\"true\" aria-invalid=\"false\" placeholder=\"E-mail*\" value=\"\" type=\"email\" name=\"your-email\" \/><\/span>\n\t\t<\/p>\n\t<\/div>\n\t<div class=\"contato-campo-telefone\">\n\t\t<p><span class=\"wpcf7-form-control-wrap\" data-name=\"your-phone\"><input size=\"40\" maxlength=\"400\" class=\"wpcf7-form-control wpcf7-text\" aria-invalid=\"false\" placeholder=\"Telefon\" value=\"\" type=\"text\" name=\"your-phone\" \/><\/span>\n\t\t<\/p>\n\t<\/div>\n\t<div class=\"contato-campo-assunto\">\n\t\t<p><span class=\"wpcf7-form-control-wrap\" data-name=\"your-subject\"><input size=\"40\" maxlength=\"400\" class=\"wpcf7-form-control wpcf7-text wpcf7-validates-as-required\" aria-required=\"true\" aria-invalid=\"false\" placeholder=\"Thema*\" value=\"\" type=\"text\" name=\"your-subject\" \/><\/span>\n\t\t<\/p>\n\t<\/div>\n\t<div class=\"contato-campo-newsletter\">\n\t\t<p><a href=\"#\" target=\"_blank\">Informiere mich \u00fcber neue Beitr\u00e4ge per E-Mail<\/a>\n\t\t<\/p>\n\t<\/div>\n<\/div>\n<div class=\"contato-campo-mensagem\">\n\t<p><span class=\"wpcf7-form-control-wrap\" data-name=\"your-message\"><textarea cols=\"40\" rows=\"10\" maxlength=\"2000\" class=\"wpcf7-form-control wpcf7-textarea wpcf7-validates-as-required\" aria-required=\"true\" aria-invalid=\"false\" placeholder=\"Nachricht*\" name=\"your-message\"><\/textarea><\/span>\n\t<\/p>\n<\/div>\n<div class=\"contato-campo-enviar\">\n\t<p><input class=\"wpcf7-form-control wpcf7-submit has-spinner\" type=\"submit\" value=\"Senden\" \/>\n\t<\/p>\n<\/div>\n<div class=\"contato-campo-aviso\">\n\t<p>* Obligatorisch\n\t<\/p>\n<\/div><div class=\"wpcf7-response-output\" aria-hidden=\"true\"><\/div>\n<\/form>\n<\/div>\n\n<h1>Datenschutzerkl&auml;rung<\/h1>\n<h2>Datenschutz<\/h2>\n<p>Die Betreiber dieser Seiten nehmen den Schutz Ihrer pers&ouml;nlichen Daten sehr ernst. Wir behandeln Ihre personenbezogenen Daten vertraulich und entsprechend der gesetzlichen Datenschutzvorschriften sowie dieser Datenschutzerkl&auml;rung.<\/p>\n<p>Die Nutzung unserer Webseite ist in der Regel ohne Angabe personenbezogener Daten m&ouml;glich. Soweit auf unseren Seiten personenbezogene Daten (beispielsweise Name, Anschrift oder E-Mail-Adressen) erhoben werden, erfolgt dies, soweit m&ouml;glich, stets auf freiwilliger Basis. Diese Daten werden ohne Ihre ausdr&uuml;ckliche Zustimmung nicht an Dritte weitergegeben.<\/p>\n<p>Wir weisen darauf hin, dass die Daten&uuml;bertragung im Internet (z.B. bei der Kommunikation per E-Mail) Sicherheitsl&uuml;cken aufweisen kann. Ein l&uuml;ckenloser Schutz der Daten vor dem Zugriff durch Dritte ist nicht m&ouml;glich.<\/p>\n<p>&nbsp;<\/p>\n<h2> Cookies<\/h2>\n<p>Die Internetseiten verwenden teilweise so genannte Cookies. Cookies richten auf Ihrem Rechner keinen Schaden an und enthalten keine Viren. Cookies dienen dazu, unser Angebot nutzerfreundlicher, effektiver und sicherer zu machen. Cookies sind kleine Textdateien, die auf Ihrem Rechner abgelegt werden und die Ihr Browser speichert.<\/p>\n<p>Die meisten der von uns verwendeten Cookies sind so genannte \u201eSession-Cookies\u201c. Sie werden nach Ende Ihres Besuchs automatisch gel&ouml;scht. Andere Cookies bleiben auf Ihrem Endger&auml;t gespeichert, bis Sie diese l&ouml;schen. Diese Cookies erm&ouml;glichen es uns, Ihren Browser beim n&auml;chsten Besuch wiederzuerkennen.<\/p>\n<p>Sie k&ouml;nnen Ihren Browser so einstellen, dass Sie &uuml;ber das Setzen von Cookies informiert werden und Cookies nur im Einzelfall erlauben, die Annahme von Cookies f&uuml;r bestimmte F&auml;lle oder generell ausschlie&szlig;en sowie das automatische L&ouml;schen der Cookies beim Schlie&szlig;en des Browser aktivieren. Bei der Deaktivierung von Cookies kann die Funktionalit&auml;t dieser Website eingeschr&auml;nkt sein.<\/p>\n<p>&nbsp;<\/p>\n<h2>Server-Log- Files<\/h2>\n<p>Der Provider der Seiten erhebt und speichert automatisch Informationen in so genannten Server-Log Files, die Ihr Browser automatisch an uns &uuml;bermittelt. Dies sind:<\/p>\n<ul>\n<li> Browsertyp und Browserversion<\/li>\n<li>verwendetes Betriebssystem<\/li>\n<li>Referrer URL<\/li>\n<li> Hostname des zugreifenden Rechners<\/li>\n<li>Uhrzeit der Serveranfrage<\/li>\n<\/ul>\n<p>Diese Daten sind nicht bestimmten Personen zuordenbar. Eine Zusammenf&uuml;hrung dieser Daten mit anderen Datenquellen wird nicht vorgenommen. Wir behalten uns vor, diese Daten nachtr&auml;glich zu pr&uuml;fen, wenn uns konkrete Anhaltspunkte f&uuml;r eine rechtswidrige Nutzung bekannt werden.<\/p>\n<p>&nbsp;<\/p>\n<h2>Kontaktformular<\/h2>\n<p>Wenn Sie uns per Kontaktformular Anfragen zukommen lassen, werden Ihre Angaben aus dem Anfrageformular inklusive der von Ihnen dort angegebenen Kontaktdaten zwecks Bearbeitung der Anfrage und f&uuml;r den Fall von Anschlussfragen bei uns gespeichert. Diese Daten geben wir nicht ohne Ihre Einwilligung weiter.<\/p>\n<p>&nbsp;<\/p>\n<h2> Newsletterdaten<\/h2>\n<p>Wenn Sie den auf der Webseite angebotenen Newsletter beziehen m&ouml;chten, ben&ouml;tigen wir von Ihnen eine E-Mail-Adresse sowie Informationen, welche uns die &Uuml;berpr&uuml;fung gestatten, dass Sie der Inhaber der angegebenen E-Mail-Adresse sind und mit dem Empfang des Newsletters einverstanden sind. Weitere Daten werden nicht erhoben. Diese Daten<\/p>\n<p>verwenden wir ausschlie&szlig;lich f&uuml;r den Versand der angeforderten Informationen und geben sie nicht an Dritte weiter.<\/p>\n<p>Die erteilte Einwilligung zur Speicherung der Daten, der E-Mail-Adresse sowie deren Nutzung zum Versand des Newsletters k&ouml;nnen Sie jederzeit widerrufen, etwa<br \/>\n&uuml;ber den &#8222;Austragen&#8220;-Link im Newsletter.<\/p>\n<p>&nbsp;<\/p>\n<h2>Datenschutzerkl&auml;rung f&uuml;r die Nutzung von Google Analytics<\/h2>\n<p>Diese Website nutzt Funktionen des Webanalysedienstes Google Analytics. Anbieter ist die Google Inc., 1600 Amphitheatre Parkway Mountain View, CA 94043, USA.<\/p>\n<p>Google Analytics verwendet so genannte &#8222;Cookies&#8220;. Das sind Textdateien, die auf Ihrem Computer gespeichert werden und die eine Analyse der Benutzung der Website durch Sie erm&ouml;glichen. Die durch den Cookie erzeugten Informationen &uuml;ber Ihre Benutzung dieser Website werden in der Regel an einen Server von Google in den USA &uuml;bertragen und dort gespeichert.<\/p>\n<p>Mehr Informationen zum Umgang mit Nutzerdaten bei Google Analytics finden Sie in der Datenschutzerkl&auml;rung von Google: <a href=\"https:\/\/support.google.com\/analytics\/answer\/6004245?hl=de\"> https:\/\/support.google.com\/analytics\/answer\/6004245?hl=de<\/a><\/p>\n<p><strong>Browser Plugin<\/strong><\/p>\n<p>Sie k&ouml;nnen die Speicherung der Cookies durch eine entsprechende Einstellung Ihrer Browser-Software verhindern; wir weisen Sie jedoch darauf hin, dass Sie in diesem Fall gegebenenfalls nicht s&auml;mtliche Funktionen dieser Website vollumf&auml;nglich werden nutzen k&ouml;nnen. Sie k&ouml;nnen dar&uuml;ber hinaus die Erfassung der durch den Cookie erzeugten und auf Ihre Nutzung der Website bezogenen Daten (inkl. Ihrer IP-Adresse) an Google sowie die Verarbeitung dieser Daten durch Google verhindern, indem Sie das unter dem folgenden Link verf&uuml;gbare Browser- Plugin herunterladen und installieren: <a href=\"https:\/\/tools.google.com\/dlpage\/gaoptout?hl=de\"> https:\/\/tools.google.com\/dlpage\/gaoptout?hl=de<\/a><\/p>\n<p><strong>Widerspruch gegen Datenerfassung<\/strong><\/p>\n<p>Sie k&ouml;nnen die Erfassung Ihrer Daten durch Google Analytics verhindern, indem Sie auf folgenden Link klicken. Es wird ein Opt-Out-Cookie gesetzt, der die Erfassung Ihrer Daten bei zuk&uuml;nftigen Besuchen dieser Website verhindert: <a href=\"javascript:gaOptout();\"> Google Analytics deaktivieren<\/a><\/p>\n<p>&nbsp;<\/p>\n<h2>Datenschutzerkl&auml;rung f&uuml;r die Nutzung von Facebook-Plugins (Like-Button)<\/h2>\n<p>Auf unseren Seiten sind Plugins des sozialen Netzwerks Facebook, Anbieter Facebook Inc., 1 Hacker Way, Menlo Park, California 94025, USA, integriert. Die Facebook-Plugins erkennen Sie an dem Facebook-Logo oder dem &#8222;Like-Button&#8220; (&#8222;Gef&auml;llt mir&#8220;) auf unserer Seite. Eine &Uuml;bersicht &uuml;ber die Facebook-Plugins finden Sie hier: <a href=\"http:\/\/developers.facebook.com\/docs\/plugins\/\"> http:\/\/developers.facebook.com\/docs\/plugins\/<\/a>.<\/p>\n<p>Wenn Sie unsere Seiten besuchen, wird &uuml;ber das Plugin eine direkte Verbindung zwischen Ihrem Browser und dem Facebook-Server hergestellt. Facebook erh&auml;lt dadurch die Information, dass Sie mit Ihrer IP-Adresse unsere Seite besucht haben. Wenn Sie den Facebook &#8222;Like-Button&#8220; anklicken w&auml;hrend Sie in Ihrem Facebook- Account eingeloggt sind, k&ouml;nnen Sie die Inhalte unserer Seiten auf Ihrem Facebook-Profil verlinken. Dadurch kann Facebook den Besuch unserer Seiten Ihrem Benutzerkonto zuordnen. Wir weisen darauf hin, dass wir als Anbieter der Seiten keine Kenntnis vom Inhalt der &uuml;bermittelten Daten sowie deren Nutzung durch Facebook erhalten. Weitere Informationen hierzu finden Sie in der Datenschutzerkl&auml;rung von Facebook unter <a href=\"http:\/\/de-de.facebook.com\/policy.php\">http:\/\/de- de.facebook.com\/policy.php<\/a>.<\/p>\n<p>Wenn Sie nicht w&uuml;nschen, dass Facebook den Besuch unserer Seiten Ihrem Facebook-Nutzerkonto zuordnen kann, loggen Sie sich bitte aus Ihrem Facebook- Benutzerkonto aus.<\/p>\n<p>&nbsp;<\/p>\n<h2>Datenschutzerkl&auml;rung f&uuml;r die Nutzung von Twitter<\/h2>\n<p>Auf unseren Seiten sind Funktionen des Dienstes Twitter eingebunden. Diese<\/p>\n<p>Funktionen werden angeboten durch die Twitter Inc., 1355 Market Street, Suite 900, San Francisco, CA 94103, USA. Durch das Benutzen von Twitter und der Funktion &#8222;Re-Tweet&#8220; werden die von Ihnen besuchten Webseiten mit Ihrem Twitter-Account verkn&uuml;pft und anderen Nutzern bekannt gegeben. Dabei werden auch Daten an Twitter &uuml;bertragen. Wir weisen darauf hin, dass wir als Anbieter der Seiten keine Kenntnis vom Inhalt der &uuml;bermittelten Daten sowie deren Nutzung durch Twitter erhalten. Weitere Informationen hierzu finden Sie in der Datenschutzerkl&auml;rung von Twitter unter <a href=\"http:\/\/twitter.com\/privacy\">http:\/\/twitter.com\/privacy<\/a>.<\/p>\n<p>Ihre Datenschutzeinstellungen bei Twitter k&ouml;nnen Sie in den Konto-Einstellungen unter: <a href=\"http:\/\/twitter.com\/account\/settings\"> http:\/\/twitter.com\/account\/settings<\/a> &auml;ndern.<\/p>\n<p>&nbsp;<\/p>\n<h2>Datenschutzerkl&auml;rung f&uuml;r die Nutzung von Instagram<\/h2>\n<p>Auf unseren Seiten sind Funktionen des Dienstes Instagram eingebunden. Diese Funktionen werden angeboten durch die Instagram Inc., 1601 Willow Road, Menlo Park, CA, 94025, USA integriert. Wenn Sie in Ihrem Instagram-Account eingeloggt sind k&ouml;nnen Sie durch Anklicken des Instagram-Buttons die Inhalte unserer Seiten mit Ihrem Instagram-<\/p>\n<p>Profil verlinken. Dadurch kann Instagram den Besuch unserer Seiten Ihrem Benutzerkonto zuordnen. Wir weisen darauf hin, dass wir als Anbieter der Seiten keine Kenntnis vom Inhalt der u?bermittelten Daten sowie deren Nutzung durch Instagram erhalten.<\/p>\n<p>Weitere Informationen hierzu finden Sie in der Datenschutzerkl&auml;rung von Instagram: <a href=\"http:\/\/instagram.com\/about\/legal\/privacy\/\"> http:\/\/instagram.com\/about\/legal\/privacy\/<\/a><\/p>\n<p>&nbsp;<\/p>\n<h2>Datenschutzerkl&auml;rung f&uuml;r die Nutzung von Pinterest<\/h2>\n<p>Auf unserer Seite verwenden wir Social Plugins des sozialen Netzwerkes Pinterest, das von der Pinterest Inc., 808 Brannan Street San Francisco, CA 94103-490, USA (&#8222;Pinterest&#8220;) betrieben wird. Wenn Sie eine Seite aufrufen, die ein solches Plugin enth&auml;lt, stellt Ihr Browser eine direkte Verbindung zu den Servern von Pinterest her. Das Plugin &uuml;bermittelt dabei Protokolldaten an den Server von Pinterest in die USA. Diese Protokolldaten enthalten m&ouml;glicherweise Ihre IP-Adresse, die Adresse der besuchten Websites, die ebenfalls Pinterest- Funktionen enthalten, Art und Einstellungen des Browsers, Datum und Zeitpunkt der Anfrage, Ihre Verwendungsweise von Pinterest sowie Cookies.<\/p>\n<p>Weitere Informationen zu Zweck, Umfang und weiterer Verarbeitung und Nutzung der Daten durch Pinterest sowie Ihre diesbez&uuml;glichen Rechte und M&ouml;glichkeiten zum Schutz Ihrer Privatsph&auml;re finden Sie in den den Datenschutzhinweisen von Pinterest: <a href=\"https:\/\/about.pinterest.com\/de\/privacy-policy\"> https:\/\/about.pinterest.com\/de\/privacy-policy<\/a><\/p>\n<p>&nbsp;<\/p>\n<h2>Datenschutzerkl&auml;rung f&uuml;r die Nutzung von YouTube<\/h2>\n<p>Unsere Webseite nutzt Plugins der von Google betriebenen Seite YouTube. Betreiber der Seiten ist die YouTube, LLC, 901 Cherry Ave., San Bruno, CA 94066, USA. Wenn Sie eine unserer mit einem YouTube-Plugin ausgestatteten Seiten besuchen, wird eine Verbindung zu den Servern von YouTube hergestellt. Dabei wird dem Youtube-Server mitgeteilt, welche unserer Seiten Sie besucht haben.<\/p>\n<p>Wenn Sie in Ihrem YouTube-Account eingeloggt sind erm&ouml;glichen Sie YouTube, Ihr Surfverhalten direkt Ihrem pers&ouml;nlichen Profil zuzuordnen. Dies k&ouml;nnen Sie verhindern, indem Sie sich aus Ihrem YouTube-Account ausloggen.<\/p>\n<p>Weitere Informationen zum Umgang von Nutzerdaten finden Sie in der Datenschutzerkl&auml;rung von YouTube unter: <a href=\"https:\/\/www.google.de\/intl\/de\/policies\/privacy\"> https:\/\/www.google.de\/intl\/de\/policies\/privacy<\/a><\/p>\n<p>&nbsp;<\/p>\n<h2>Kommentarfunktion auf dieser Webseite<\/h2>\n<p>F&uuml;r die Kommentarfunktion auf dieser Seite werden neben Ihrem Kommentar auch Angaben zum Zeitpunkt der Erstellung des Kommentars und, wenn Sie nicht anonym posten, der von Ihnen gew&auml;hlte Nutzername gespeichert.<\/p>\n<p><strong>Speicherung der IP Adresse<\/strong><\/p>\n<p>Unsere Kommentarfunktion speichert die IP-Adressen der Nutzer, die Kommentare verfassen. Da wir Kommentare auf unserer Seite nicht vor der Freischaltung pr&uuml;fen, ben&ouml;tigen wir diese Daten, um im Falle von Rechtsverletzungen wie Beleidigungen oder Propaganda gegen den Verfasser vorgehen zu k&ouml;nnen.<\/p>\n<p><strong>Abonnieren von Kommentaren<\/strong><\/p>\n<p>Als Nutzer der Seite k&ouml;nnen Sie nach einer Anmeldung Kommentare abonnieren. Sie erhalten eine Best&auml;tigungsemail, um zu pr&uuml;fen, ob Sie der Inhaber der angegebenen E-Mail-Adresse sind. Sie k&ouml;nnen diese Funktion jederzeit &uuml;ber einen Link in den Info-Mails abbestellen.<\/p>\n<p>&nbsp;<\/p>\n<p>Quelle: <a href=\"https:\/\/www.e- recht24.de\">e-recht24.de<\/a><\/p>\n<p><\/p>","protected":false},"excerpt":{"rendered":"<p>Danke f\u00fcr deinen Besuch! M\u00f6chtest du ein neues Lebensstil f\u00fchren? Vereinbar dann einen Termin f\u00fcr einen Probetraining! Oder hast du noch Fragen oder ben\u00f6tigest du weitere Infos? Hinterlass einen Nachricht und ich melde mich bei dir! Datenschutzerkl&auml;rung Datenschutz Die Betreiber dieser Seiten nehmen den Schutz Ihrer pers&ouml;nlichen Daten sehr ernst. Wir behandeln Ihre personenbezogenen Daten [&hellip;]<\/p>\n","protected":false},"author":1,"featured_media":0,"parent":0,"menu_order":0,"comment_status":"closed","ping_status":"closed","template":"","meta":{"wprm-recipe-roundup-name":"","wprm-recipe-roundup-description":"","footnotes":""},"class_list":["post-6","page","type-page","status-publish","hentry"],"_links":{"self":[{"href":"https:\/\/www.anakrueger.com\/de\/wp-json\/wp\/v2\/pages\/6","targetHints":{"allow":["GET"]}}],"collection":[{"href":"https:\/\/www.anakrueger.com\/de\/wp-json\/wp\/v2\/pages"}],"about":[{"href":"https:\/\/www.anakrueger.com\/de\/wp-json\/wp\/v2\/types\/page"}],"author":[{"embeddable":true,"href":"https:\/\/www.anakrueger.com\/de\/wp-json\/wp\/v2\/users\/1"}],"replies":[{"embeddable":true,"href":"https:\/\/www.anakrueger.com\/de\/wp-json\/wp\/v2\/comments?post=6"}],"version-history":[{"count":5,"href":"https:\/\/www.anakrueger.com\/de\/wp-json\/wp\/v2\/pages\/6\/revisions"}],"predecessor-version":[{"id":78,"href":"https:\/\/www.anakrueger.com\/de\/wp-json\/wp\/v2\/pages\/6\/revisions\/78"}],"wp:attachment":[{"href":"https:\/\/www.anakrueger.com\/de\/wp-json\/wp\/v2\/media?parent=6"}],"curies":[{"name":"wp","href":"https:\/\/api.w.org\/{rel}","templated":true}]}}