{"id":2,"date":"2017-06-02T17:25:39","date_gmt":"2017-06-02T20:25:39","guid":{"rendered":"http:\/\/www.anakrueger.com\/?page_id=2"},"modified":"2017-06-29T15:59:35","modified_gmt":"2017-06-29T13:59:35","slug":"sobre","status":"publish","type":"page","link":"https:\/\/www.anakrueger.com\/de\/sobre\/","title":{"rendered":"\u00dcber Mich"},"content":{"rendered":"<p>Hi! Ich bin <em>Ana Kr\u00fcger<\/em>!<\/p>\n<p>Ich bin in Brasilien geboren und habe Sport studiert an der Universit\u00e4t Santo Amaro (UNISA) in Sao Paulo und danach eine Spezialisierung in Sportphysiologie an der medizinische Fakult\u00e4t an der Universit\u00e4t von Sao Paulo (USP) gemacht. Sport war und ist noch immer meine gr\u00f6sste Leidenschaft. Ich habe schon ein bisschen von allem im Sport probiert und gerne teile ich sowohl meine Leidenschaft als auch meine Kenntnisse!<\/p>\n<p>Wie das Schicksal so spielt, bin ich 2001 in Frankfurt gelandet und arbeite hier als Personal Trainer seit mehr als 10 Jahren. Seit ich hier in Deutschland bin, habe ich mehrfach Kurse und spezielle Ausbildungen gemacht, unter anderen Funktional Training, TRX, Pilates, Training in der Schwangerschaft, R\u00fcckengymnastik und Ern\u00e4hrung.<\/p>\n<p>Seit einigen Jahren habe ich meine Vorliebe f\u00fcr das Marathonlaufen entdeckt und bin schon mehrfach in verschiedenen Teilen der Welt gelaufen(Frankfurt, Disney, Paris, Berlin und New York), ich liebe es auch zu kochen, besonders leichte, gesunde K\u00fcche. Ich habe vor ein paar Jahren entdeckt, dass ich  Lebensmittelallergien und Unvertr\u00e4glichkeiten habe  und widme somit auch meine Zeit,um neue Essenserfahrungen in diesem Bereich zu probieren!<\/p>\n<p><img loading=\"lazy\" decoding=\"async\" src=\"http:\/\/www.anakrueger.com\/wp-content\/uploads\/2017\/06\/sobre.jpg\" alt=\"Ana Kr\u00fcger\" width=\"600\" height=\"600\" class=\"aligncenter size-full wp-image-4\" srcset=\"https:\/\/www.anakrueger.com\/wp-content\/uploads\/2017\/06\/sobre.jpg 600w, https:\/\/www.anakrueger.com\/wp-content\/uploads\/2017\/06\/sobre-150x150.jpg 150w, https:\/\/www.anakrueger.com\/wp-content\/uploads\/2017\/06\/sobre-300x300.jpg 300w\" sizes=\"auto, (max-width: 600px) 100vw, 600px\" \/><\/p>","protected":false},"excerpt":{"rendered":"<p>Hi! Ich bin Ana Kr\u00fcger! Ich bin in Brasilien geboren und habe Sport studiert an der Universit\u00e4t Santo Amaro (UNISA) in Sao Paulo und danach eine Spezialisierung in Sportphysiologie an der medizinische Fakult\u00e4t an der Universit\u00e4t von Sao Paulo (USP) gemacht. Sport war und ist noch immer meine gr\u00f6sste Leidenschaft. Ich habe schon ein bisschen [&hellip;]<\/p>\n","protected":false},"author":1,"featured_media":0,"parent":0,"menu_order":0,"comment_status":"closed","ping_status":"open","template":"","meta":{"wprm-recipe-roundup-name":"","wprm-recipe-roundup-description":"","footnotes":""},"class_list":["post-2","page","type-page","status-publish","hentry"],"_links":{"self":[{"href":"https:\/\/www.anakrueger.com\/de\/wp-json\/wp\/v2\/pages\/2","targetHints":{"allow":["GET"]}}],"collection":[{"href":"https:\/\/www.anakrueger.com\/de\/wp-json\/wp\/v2\/pages"}],"about":[{"href":"https:\/\/www.anakrueger.com\/de\/wp-json\/wp\/v2\/types\/page"}],"author":[{"embeddable":true,"href":"https:\/\/www.anakrueger.com\/de\/wp-json\/wp\/v2\/users\/1"}],"replies":[{"embeddable":true,"href":"https:\/\/www.anakrueger.com\/de\/wp-json\/wp\/v2\/comments?post=2"}],"version-history":[{"count":3,"href":"https:\/\/www.anakrueger.com\/de\/wp-json\/wp\/v2\/pages\/2\/revisions"}],"predecessor-version":[{"id":87,"href":"https:\/\/www.anakrueger.com\/de\/wp-json\/wp\/v2\/pages\/2\/revisions\/87"}],"wp:attachment":[{"href":"https:\/\/www.anakrueger.com\/de\/wp-json\/wp\/v2\/media?parent=2"}],"curies":[{"name":"wp","href":"https:\/\/api.w.org\/{rel}","templated":true}]}}