{"id":10,"date":"2017-06-12T14:57:42","date_gmt":"2017-06-12T12:57:42","guid":{"rendered":"http:\/\/www.anakrueger.com\/?page_id=10"},"modified":"2017-06-29T15:49:06","modified_gmt":"2017-06-29T13:49:06","slug":"personal-training","status":"publish","type":"page","link":"https:\/\/www.anakrueger.com\/de\/personal-training\/","title":{"rendered":"Personal Training"},"content":{"rendered":"<p><\/p>\n<div class=\"pt-imagem-full\"><img loading=\"lazy\" decoding=\"async\" class=\"aligncenter size-full wp-image-51 nopin\" src=\"http:\/\/www.anakrueger.com\/wp-content\/uploads\/2017\/06\/objetivo.jpg\" alt=\"\" width=\"1094\" height=\"730\" srcset=\"https:\/\/www.anakrueger.com\/wp-content\/uploads\/2017\/06\/objetivo.jpg 1094w, https:\/\/www.anakrueger.com\/wp-content\/uploads\/2017\/06\/objetivo-500x334.jpg 500w, https:\/\/www.anakrueger.com\/wp-content\/uploads\/2017\/06\/objetivo-768x512.jpg 768w, https:\/\/www.anakrueger.com\/wp-content\/uploads\/2017\/06\/objetivo-700x467.jpg 700w\" sizes=\"auto, (max-width: 1094px) 100vw, 1094px\" \/><\/p>\n<div class=\"pt-imagem-texto\">\n<h2>Was ist dein<br \/>\ngr\u00f6\u00dftes Ziel? <\/h2>\n<p>Unerw\u00fcnschte Kilos abspecken? Gesund abnehmen oder einfach gesunder sein? Dich richtig wohlf\u00fchlen? Etwas Gezieltes f\u00fcr deine Gesundheit tun? Deine Fitness verbessern und sich von unangenehmen Schmerzen befreien? Starke und markante Muskeln? Deinen K\u00f6rper f\u00fcr aktive Schwangerschaft und Geburt vorbereiten und danach  die R\u00fcckbildung, um sich wieder in der eigenen Haut wohlzuf\u00fchlen?<br \/>\nMit deinen Kindern spielen und dich nicht geschafft f\u00fchlen? R\u00fcckenschmerzen bek\u00e4mpfen? Ein Ausgleich f\u00fcr den stressigen Job, um erfolgreicher zu werden? Mehr Lebenslust und -qualit\u00e4t in dein Leben bringen? Was brauchst du, um zu starten?<\/p>\n<p>Ich helfe dir!!\n<\/p><\/div>\n<\/div>\n<div class=\"pt-imagem-left\"><img loading=\"lazy\" decoding=\"async\" src=\"http:\/\/www.anakrueger.com\/wp-content\/uploads\/2017\/06\/treinamento.jpg\" alt=\"\" width=\"425\" height=\"425\" class=\"alignleft size-full wp-image-54 nopin\" srcset=\"https:\/\/www.anakrueger.com\/wp-content\/uploads\/2017\/06\/treinamento.jpg 425w, https:\/\/www.anakrueger.com\/wp-content\/uploads\/2017\/06\/treinamento-280x280.jpg 280w, https:\/\/www.anakrueger.com\/wp-content\/uploads\/2017\/06\/treinamento-375x375.jpg 375w\" sizes=\"auto, (max-width: 425px) 100vw, 425px\" \/><\/p>\n<div class=\"pt-imagem-texto\">\n<h2>Training<br \/>\n1:1<\/h2>\n<p>Das Personal Training ist eine professionelle Unterst\u00fctzung, um deine Ziele schneller und effizienter zu erreichen. Das Training ist ganz individuell nach deinen Zielen und Zeitverf\u00fcgbarkeit abgestimmt, inklusive einer extra Dosis Motivation!!<br \/>\nEgal wo: zu Hause, im B\u00fcro, online, im Fitnessstudio oder outdoor, du wirst auf ein anderes Level gebracht! Mit einem ma\u00dfgeschneiderten Training, der Weg zum Erfolg ist sicher!!<\/p>\n<p>Das beste Trainingsformat ist 1:1, auf dein Ziel und Zeitfenster angepasst und ich orientiere und motiviere dich! Aber, wenn du eine(n) Freund(in) oder eine kleine Gruppe hast und ihr unbedingt  euch zusammen motivieren und trainieren m\u00f6chtet ist es auch eine sehr sch\u00f6ne M\u00f6glichkeit!\n<\/p><\/div>\n<\/div>\n<div class=\"pt-imagem-full pt-imagem-full-caminho\"><img loading=\"lazy\" decoding=\"async\" src=\"http:\/\/www.anakrueger.com\/wp-content\/uploads\/2017\/06\/caminho.jpg\" alt=\"\" width=\"1092\" height=\"730\" class=\"aligncenter size-full wp-image-56 nopin\" srcset=\"https:\/\/www.anakrueger.com\/wp-content\/uploads\/2017\/06\/caminho.jpg 1092w, https:\/\/www.anakrueger.com\/wp-content\/uploads\/2017\/06\/caminho-500x334.jpg 500w, https:\/\/www.anakrueger.com\/wp-content\/uploads\/2017\/06\/caminho-768x513.jpg 768w, https:\/\/www.anakrueger.com\/wp-content\/uploads\/2017\/06\/caminho-700x468.jpg 700w\" sizes=\"auto, (max-width: 1092px) 100vw, 1092px\" \/><\/p>\n<div class=\"pt-imagem-texto\">\n<h2>Der Weg zum<br \/>\nErfolg f\u00e4ngt an\u2026<\/h2>\n<p>\u2026 mit einem Beratungsgespr\u00e4ch, in dem du mehr \u00fcber dich sprichst. Was sind deine W\u00fcnsche, wie ist dein Gesundheitszustand, welche Ern\u00e4hrungsgewohnheiten hast du, wie ist dein Lebensstil und wieso du suchst einen Personal Trainer?<\/p>\n<p>Ich erz\u00e4hle ein bisschen \u00fcber mich und wie unsere Zusammenarbeit sein wird, wir machen zusammen einen Fitness Check und besprechen das Trainingskonzept.<\/p>\n<p>Anhand aller deiner Daten starten wir die Ausarbeitung deiner individuellen Trainingsstrategie  sowie von Trainings- und\/oder Ern\u00e4hrungspl\u00e4nen. Deine Zeit, Trainingsort, individuelle sportliche W\u00fcnsch werden ber\u00fccksichtigt, damit du das Beste von der Betreuung mitnehmen kannst. <\/p>\n<p>Dein Wunsch nach einer Ver\u00e4nderung hat begonnen!<\/p>\n<p>Ein Schritt nach dem anderen\u2026.<br \/>\n\u2026 es reicht mit reden und es wird Zeit sich ordentlich zu bewegen! Nach und nach bekommst du ein neues ICH\n<\/p><\/div>\n<\/div>\n<p><img loading=\"lazy\" decoding=\"async\" src=\"http:\/\/www.anakrueger.com\/wp-content\/uploads\/2017\/06\/ferramentas.jpg\" alt=\"\" width=\"1093\" height=\"748\" class=\"aligncenter size-full wp-image-59 nopin\" srcset=\"https:\/\/www.anakrueger.com\/wp-content\/uploads\/2017\/06\/ferramentas.jpg 1093w, https:\/\/www.anakrueger.com\/wp-content\/uploads\/2017\/06\/ferramentas-500x342.jpg 500w, https:\/\/www.anakrueger.com\/wp-content\/uploads\/2017\/06\/ferramentas-768x526.jpg 768w, https:\/\/www.anakrueger.com\/wp-content\/uploads\/2017\/06\/ferramentas-700x479.jpg 700w\" sizes=\"auto, (max-width: 1093px) 100vw, 1093px\" \/><\/p>\n<div class=\"pt-texto-full\">\n<h2>Werkzeuge<\/h2>\n<h3>Krafttraining<\/h3>\n<p>Eine der besten Sportarten \u00fcberhaupt, wenn man den K\u00f6rper symmetrisch aufbauen m\u00f6chte. Wir nutzen Krafttrainingmaschinen oder Hanteln, um die K\u00f6rper gezielt  zu trainieren. Es minimiert die Schwachstellen, die maximale K\u00f6rperstraffung wird erreicht. <\/p>\n<h3>Functional Training Indoor\/Outdoor <\/h3>\n<p>Es ist ein ganzes K\u00f6rpertraining, bei dem man das eigene K\u00f6rpergewicht oder die Hilfe von kleinen Maschine und Accessoires nutzt, um maximale K\u00f6rperspannung zu erreichen. Es hilft bei der Core Stabilisation, Verbesserung der Flexibilit\u00e4t, Stabilisierung von Gelenke und Sehnen und erh\u00f6ht und verbessert die Muskelperformance als Ganze.<\/p>\n<h3>Kettelballs<\/h3>\n<p>Sind freie Gewichte, die ein funktionales Training f\u00fcr den ganzen K\u00f6rper bieten, das nicht nur die Muskulatur kr\u00e4ftigt, sondern auch die Schnellkraft und die koordinativen F\u00e4higkeiten steigert. Au\u00dferdem verbessert sich die K\u00f6rperwahrnehmung sowie  die Ausdauer, und der Stoffwechsel wird angekurbelt sodass man auch ordentlich Fett verlieren kann.<\/p>\n<h3>Suspension Training\/TRX<\/h3>\n<p>Ist ein hoch effektives Ganzk\u00f6rper-Workout unter Einsatz eines nicht elastischen Gurtsystems, bei dem das eigene K\u00f6rpergewicht als Trainingswiderstand sowohl im Stehen als auch im Liegen genutzt wird. Da die Gurte beim Training st\u00e4ndig in Bewegung sind, werden neben den gro\u00dfen Muskelketten auch die kleinen, gelenknahen Muskeln aktiviert. Durch diese \u201eInstabilit\u00e4t\u201c kommt es zu einem wesentlich h\u00f6heren Trainingsreiz.<\/p>\n<h3>Laufen\/Joggen<\/h3>\n<p>Ist eine der nat\u00fcrlichsten und urspr\u00fcnglichsten Sportarten. Man braucht keine teures oder besonderes Equipment, um laufen\/joggen zu gehen und es ist seit vielen Jahren eine beliebte Form des Ausdauersports. Nichts kann man spontaner, unkomplizierter und ortsunabh\u00e4ngiger tun als eine Runde laufen zu gehen. Laufen hat viele positive Eigenschaften. Sei es die Bewegung an der frischen Luft oder der Stressabbau nach einem anstrengenden Arbeitstag. Laufen h\u00e4lt fit und gesund. Auch verbrennt der K\u00f6rper bei moderatem Ausdauersport mehr Kalorien als bei vielen anderen Sportarten, weshalb Laufen so beliebt ist. Es ist unkompliziert und es l\u00e4sst sich leicht in den Alltag einbauen. Rein in die Laufschuhe und los. Ob eine Runde vor der Arbeit noch laufen zu gehen oder abends nach der Arbeit \u2013 dieser Sport ist die beste Waffe gegen den inneren Schweinehund.<\/p>\n<h3>Faszientraining<\/h3>\n<p>Faszien sind das kollagene Bindegewebsnetzwerk, das Knochen, Muskeln, Sehnen und Organe verbindet. Au\u00dferdem enth\u00e4lt es auch Nervenenden, die Informationen wie Schmerz \u00fcbermitteln. Wenn Menschen die Faszien falsch oder zu viel belasten, k\u00f6nnen sie sich verdrehen oder verkleben. M\u00f6gliche Folgen: Gelenk- oder R\u00fcckenschmerzen, Verspannungen, Taubheitsgef\u00fchl oder eingeschr\u00e4nkte Bewegung. Spezielle \u00dcbungen mit einer Schaumstoffrolle, B\u00e4llen oder Stangen sollen die Faszien wieder glatt gleiten lassen, mit spezifischen \u00dcbungen soll die Erneuerung der Fasern langfristig angeregt und das Gewebe geschmeidiger werden.   <\/p>\n<h3>Pilates<\/h3>\n<p>Ist ein systematisches Ganzk\u00f6rpertraining zur Kr\u00e4ftigung der Muskulatur, prim\u00e4r von Beckenboden-, Bauch- und R\u00fcckenmuskulatur. Das Pilatestraining kann auf der Matte und an speziell entwickelten Ger\u00e4ten stattfinden. Es verbindet in einzigartiger Weise Kraft mit Beweglichkeit. Es f\u00fchrt zu einer besseren Haltung und Balance und harmonisiert Bewegungsabl\u00e4ufe im Alltag sowie bei der Aus\u00fcbung anderer Sportarten. Ziel des Trainings ist ein harmonisches Verh\u00e4ltnis von Kraft und Flexibilit\u00e4t, was durch kontrollierte und pr\u00e4zise Ausf\u00fchrung der \u00dcbungen erreicht wird. Der K\u00f6rper wird von innen heraus gestrafft. Festgelegte Atemmuster optimieren die Bewegungen. Das Bewusstsein f\u00fcr Fehlhaltungen wird geschult, wodurch negative Muster aufgegeben und durch effizientere ersetzt werden k\u00f6nnen\n<\/p><\/div>\n<div class=\"pt-imagem-left\"><img loading=\"lazy\" decoding=\"async\" src=\"http:\/\/www.anakrueger.com\/wp-content\/uploads\/2017\/06\/treinamento_online.jpg\" alt=\"\" width=\"425\" height=\"425\" class=\"alignleft size-full wp-image-61 nopin\" srcset=\"https:\/\/www.anakrueger.com\/wp-content\/uploads\/2017\/06\/treinamento_online.jpg 425w, https:\/\/www.anakrueger.com\/wp-content\/uploads\/2017\/06\/treinamento_online-280x280.jpg 280w, https:\/\/www.anakrueger.com\/wp-content\/uploads\/2017\/06\/treinamento_online-375x375.jpg 375w\" sizes=\"auto, (max-width: 425px) 100vw, 425px\" \/><\/p>\n<div class=\"pt-imagem-texto\">\n<p>&nbsp;<\/p>\n<p>&nbsp;<\/p>\n<h2>Online Training<\/h2>\n<p>Du wohnst ausserhalb von Frankfurt oder bist st\u00e4ndig auf Reisen, aber m\u00f6chtest nicht deine individuelle Trainingseinheit verpassen? Das ist kein Problem! Mit Hilfe von WhatsApp, FaceTime and Skype k\u00f6nnen wir zusammen in realtime trainieren oder du verfolgst deinen individuellen Trainingsplan. Zusammen finden wir den besten Weg, aktiv zu bleiben.<br \/>\nDas Training wird so organisiert und geplant, dass du \u00fcberall mit deinen individuellen Pl\u00e4nen trainieren kannst.\n<\/p><\/div>\n<\/div>\n<div class=\"pt-aviso\">Es ist jetzt an dir! Fang noch heute an!!<\/div>\n<p><\/p>","protected":false},"excerpt":{"rendered":"<p>Was ist dein gr\u00f6\u00dftes Ziel? Unerw\u00fcnschte Kilos abspecken? Gesund abnehmen oder einfach gesunder sein? Dich richtig wohlf\u00fchlen? Etwas Gezieltes f\u00fcr deine Gesundheit tun? Deine Fitness verbessern und sich von unangenehmen Schmerzen befreien? Starke und markante Muskeln? Deinen K\u00f6rper f\u00fcr aktive Schwangerschaft und Geburt vorbereiten und danach die R\u00fcckbildung, um sich wieder in der eigenen Haut [&hellip;]<\/p>\n","protected":false},"author":1,"featured_media":0,"parent":0,"menu_order":0,"comment_status":"closed","ping_status":"closed","template":"","meta":{"wprm-recipe-roundup-name":"","wprm-recipe-roundup-description":"","footnotes":""},"class_list":["post-10","page","type-page","status-publish","hentry"],"_links":{"self":[{"href":"https:\/\/www.anakrueger.com\/de\/wp-json\/wp\/v2\/pages\/10","targetHints":{"allow":["GET"]}}],"collection":[{"href":"https:\/\/www.anakrueger.com\/de\/wp-json\/wp\/v2\/pages"}],"about":[{"href":"https:\/\/www.anakrueger.com\/de\/wp-json\/wp\/v2\/types\/page"}],"author":[{"embeddable":true,"href":"https:\/\/www.anakrueger.com\/de\/wp-json\/wp\/v2\/users\/1"}],"replies":[{"embeddable":true,"href":"https:\/\/www.anakrueger.com\/de\/wp-json\/wp\/v2\/comments?post=10"}],"version-history":[{"count":5,"href":"https:\/\/www.anakrueger.com\/de\/wp-json\/wp\/v2\/pages\/10\/revisions"}],"predecessor-version":[{"id":84,"href":"https:\/\/www.anakrueger.com\/de\/wp-json\/wp\/v2\/pages\/10\/revisions\/84"}],"wp:attachment":[{"href":"https:\/\/www.anakrueger.com\/de\/wp-json\/wp\/v2\/media?parent=10"}],"curies":[{"name":"wp","href":"https:\/\/api.w.org\/{rel}","templated":true}]}}